{"id":821,"date":"2019-02-12T10:09:55","date_gmt":"2019-02-12T08:09:55","guid":{"rendered":"https:\/\/www.officialsantaclausoffinland.com\/?page_id=821"},"modified":"2026-03-11T13:56:24","modified_gmt":"2026-03-11T11:56:24","slug":"%e8%81%94%e7%bb%9c","status":"publish","type":"page","link":"https:\/\/www.officialsantaclausoffinland.com\/zh-hant\/%e8%81%94%e7%bb%9c\/","title":{"rendered":"\u8054\u7edc"},"content":{"rendered":"<p>[et_pb_section fb_built=&#8221;1&#8243; _builder_version=&#8221;3.17.6&#8243; custom_margin=&#8221;-124px||&#8221; custom_padding=&#8221;0px|0px|0|0|false|false&#8221;][et_pb_row use_custom_width=&#8221;on&#8221; width_unit=&#8221;off&#8221; custom_width_percent=&#8221;100%&#8221; custom_padding=&#8221;0|0px|0|0px|true|false&#8221; make_equal=&#8221;on&#8221; _builder_version=&#8221;3.17.6&#8243;][et_pb_column type=&#8221;4_4&#8243; _builder_version=&#8221;3.0.47&#8243; parallax=&#8221;off&#8221; parallax_method=&#8221;on&#8221;][et_pb_slider show_arrows=&#8221;off&#8221; _builder_version=&#8221;3.17.6&#8243; header_level=&#8221;h1&#8243; header_font=&#8221;|600|||||||&#8221; header_font_size=&#8221;30px&#8221; header_line_height=&#8221;1.6em&#8221; body_font=&#8221;||||||||&#8221; body_font_size=&#8221;14px&#8221; body_line_height=&#8221;1.8em&#8221; custom_button=&#8221;on&#8221; button_text_size=&#8221;12.5px&#8221; button_text_color=&#8221;#ffffff&#8221; button_bg_color=&#8221;#eb1c24&#8243; button_border_width=&#8221;0px&#8221; button_border_radius=&#8221;0px&#8221; button_font=&#8221;|600||on|||||&#8221; button_use_icon=&#8221;off&#8221; text_orientation=&#8221;left&#8221; auto=&#8221;on&#8221; button_bg_color__hover_enabled=&#8221;on&#8221; button_bg_color__hover=&#8221;#ffffff&#8221; button_text_color__hover_enabled=&#8221;on&#8221; button_text_color__hover=&#8221;#000000&#8243;][et_pb_slide heading=&#8221;\u5982\u4f55\u8054\u7cfbOfficial Santa Claus of Finland?&#8221; _builder_version=&#8221;3.17.6&#8243; header_font=&#8221;||||||||&#8221; header_font_size=&#8221;30px&#8221; body_font=&#8221;Merriweather||||||||&#8221; background_color=&#8221;#ffffff&#8221; use_background_color_gradient=&#8221;on&#8221; background_color_gradient_start=&#8221;rgba(0,0,0,0.9)&#8221; background_color_gradient_end=&#8221;rgba(41,196,169,0)&#8221; background_color_gradient_end_position=&#8221;20%&#8221; background_color_gradient_overlays_image=&#8221;on&#8221; background_image=&#8221;https:\/\/www.officialsantaclausoffinland.com\/wp-content\/uploads\/2018\/11\/official-santa-claus-of-finland-contact-1999x1334px-1.jpeg&#8221; custom_padding=&#8221;|550px||0px&#8221; custom_padding_tablet=&#8221;|225px||&#8221; custom_padding_phone=&#8221;|0px||&#8221; custom_padding_last_edited=&#8221;on|phone&#8221;][\/et_pb_slide][\/et_pb_slider][\/et_pb_column][\/et_pb_row][\/et_pb_section][et_pb_section fb_built=&#8221;1&#8243; _builder_version=&#8221;3.17.6&#8243; background_image=&#8221;https:\/\/www.officialsantaclausoffinland.com\/wp-content\/uploads\/2018\/11\/official-santa-calus-of-finland-background-1.jpg&#8221; background_position=&#8221;top_center&#8221; custom_padding=&#8221;54px|0px|90px|0px|false|false&#8221;][et_pb_row _builder_version=&#8221;3.17.6&#8243;][et_pb_column type=&#8221;4_4&#8243; _builder_version=&#8221;3.0.47&#8243; parallax=&#8221;off&#8221; parallax_method=&#8221;on&#8221;][et_pb_blurb use_icon=&#8221;on&#8221; font_icon=&#8221;%%18%%&#8221; icon_color=&#8221;#ffffff&#8221; _builder_version=&#8221;3.17.6&#8243; custom_margin=&#8221;-215px|||-4px&#8221; animation_style=&#8221;slide&#8221; animation_repeat=&#8221;loop&#8221; animation_direction=&#8221;top&#8221; animation_duration=&#8221;2000ms&#8221; animation_delay=&#8221;2000ms&#8221; animation_intensity_slide=&#8221;10%&#8221; animation=&#8221;bottom&#8221; locked=&#8221;off&#8221;][\/et_pb_blurb][et_pb_blurb content_max_width=&#8221;675px&#8221; _builder_version=&#8221;3.17.6&#8243; header_level=&#8221;h2&#8243; header_font=&#8221;|600|||||||&#8221; header_text_align=&#8221;center&#8221; header_text_color=&#8221;#693b29&#8243; header_font_size=&#8221;30px&#8221; body_font=&#8221;Merriweather||||||||&#8221; body_text_align=&#8221;center&#8221; body_text_color=&#8221;#000000&#8243; body_line_height=&#8221;1.8em&#8221; custom_margin=&#8221;160px||&#8221;]<\/p>\n<div class=\"x-main full\" role=\"main\">\n<article id=\"post-7\" class=\"post-7 page type-page status-publish hentry no-post-thumbnail\">\n<div class=\"entry-wrap\">\n<div class=\"entry-content content\">\n<p>\u53ea\u6709<span>Official Santa Claus of Finland<\/span>\u5546\u6807\u624d\u80fd\u786e\u4fdd\u60a8\u9884\u8ba2\u7684\u5723\u8bde\u8001\u4eba\u670d\u52a1\u662f\u771f\u5b9e\u800c\u771f\u5b9e\u7684\u82ac\u5170\u5723\u8bde\u8001\u4eba\u3002 \u8be5\u5546\u6807\u5f52\u5723\u8bde\u4e13\u5bb6<span>Prosanta ltd<\/span>\u6240\u6709\uff0c\u4ed6\u4eec\u81ea<span>1997<\/span>\u5e74\u4ee5\u6765\u4e3a\u65e0\u6570\u4eba\u9001\u4e0a\u4e86\u5723\u8bde\u7684\u9b45\u529b\u3002<\/p>\n<p>\u8bf7\u8054\u7edc\uff1a<\/p>\n<\/div>\n<\/div>\n<\/article>\n<\/div>\n<p>[\/et_pb_blurb][\/et_pb_column][\/et_pb_row][et_pb_row _builder_version=&#8221;3.17.6&#8243;][et_pb_column type=&#8221;4_4&#8243; _builder_version=&#8221;3.0.47&#8243; parallax=&#8221;off&#8221; parallax_method=&#8221;on&#8221;][et_pb_blurb use_icon=&#8221;on&#8221; font_icon=&#8221;%%18%%&#8221; icon_color=&#8221;#ffffff&#8221; _builder_version=&#8221;3.17.6&#8243; custom_margin=&#8221;-215px|||-4px&#8221; animation_style=&#8221;slide&#8221; animation_repeat=&#8221;loop&#8221; animation_direction=&#8221;top&#8221; animation_duration=&#8221;2000ms&#8221; animation_delay=&#8221;2000ms&#8221; animation_intensity_slide=&#8221;10%&#8221; animation=&#8221;bottom&#8221; locked=&#8221;off&#8221;][\/et_pb_blurb][et_pb_blurb title=&#8221;Official Santa Claus of Finland&#8221; content_max_width=&#8221;675px&#8221; _builder_version=&#8221;3.17.6&#8243; header_level=&#8221;h2&#8243; header_font=&#8221;|600|||||||&#8221; header_text_align=&#8221;center&#8221; header_text_color=&#8221;#693b29&#8243; header_font_size=&#8221;30px&#8221; body_font=&#8221;Merriweather||||||||&#8221; body_text_align=&#8221;center&#8221; body_text_color=&#8221;#000000&#8243; body_font_size=&#8221;14px&#8221; body_line_height=&#8221;1.8em&#8221; custom_margin=&#8221;105px||&#8221;]<\/p>\n<p>Luolakuja 1,<br \/> 96930 Napapiiri, Rovaniemi<br \/> <a title=\"Soita Joulupukille\" href=\"tel:+358504719229\">puh. +358 50 4719 229<\/a><br \/> <a title=\"L\u00e4het\u00e4 Joulupukille s\u00e4hk\u00f6postia\" href=\"mailto:santa@offialsantaclausoffinland.com\">santa(at)offialsantaclausoffinland.com<\/a><\/p>\n<p>[\/et_pb_blurb][\/et_pb_column][\/et_pb_row][\/et_pb_section][et_pb_section fb_built=&#8221;1&#8243; _builder_version=&#8221;3.17.6&#8243; custom_padding=&#8221;54px|0px|54px|0px|true|false&#8221;][et_pb_row custom_padding=&#8221;0|0px|0|0px|false|false&#8221; _builder_version=&#8221;3.17.6&#8243;][et_pb_column type=&#8221;4_4&#8243; _builder_version=&#8221;3.0.47&#8243; parallax=&#8221;off&#8221; parallax_method=&#8221;on&#8221;][\/et_pb_column][\/et_pb_row][\/et_pb_section][et_pb_section fb_built=&#8221;1&#8243; module_id=&#8221;form&#8221; _builder_version=&#8221;3.17.6&#8243; background_image=&#8221;https:\/\/www.officialsantaclausoffinland.com\/wp-content\/uploads\/2018\/11\/official-santa-background-1999x1334px2-1.jpg&#8221; parallax=&#8221;on&#8221;][et_pb_row _builder_version=&#8221;3.17.6&#8243;][et_pb_column type=&#8221;4_4&#8243; _builder_version=&#8221;3.0.47&#8243; parallax=&#8221;off&#8221; parallax_method=&#8221;on&#8221;][et_pb_text _builder_version=&#8221;3.17.6&#8243; text_font=&#8221;Merriweather||||||||&#8221; text_text_color=&#8221;#000000&#8243; text_line_height=&#8221;1.8em&#8221; header_font=&#8221;||||||||&#8221; header_text_color=&#8221;#693b29&#8243; header_2_font=&#8221;||||||||&#8221; header_2_text_color=&#8221;#693b29&#8243; header_2_font_size=&#8221;30px&#8221; text_orientation=&#8221;center&#8221;]<\/p>\n<h2>\u8054\u7cfb\u6211\u4eec<\/h2>\n<p>\u8bf7\u586b\u5199\u4ee5\u4e0b\u4fe1\u606f<\/p>\n<p>[\/et_pb_text][et_pb_contact_form captcha=&#8221;off&#8221; email=&#8221;santa@officialsantaclausoffinland.com&#8221; success_message=&#8221;\u611f\u8c22\u60a8\u7684\u7559\u8a00\uff01\u6211\u4eec\u5c06\u5728\u7b2c\u4e00\u65f6\u95f4\u4e0e\u60a8\u53d6\u5f97\u8054\u7cfb\u3002&#8221; submit_button_text=&#8221;\u63d0\u4ea4&#8221; module_id=&#8221;et_pb_contact_form_0&#8243; _builder_version=&#8221;3.17.6&#8243; title_font=&#8221;||||||||&#8221; title_text_align=&#8221;center&#8221; title_text_color=&#8221;#693b29&#8243; title_font_size=&#8221;30px&#8221; form_field_font=&#8221;||||||||&#8221; custom_button=&#8221;on&#8221; button_text_size=&#8221;14px&#8221; button_text_color=&#8221;#ffffff&#8221; button_bg_color=&#8221;#eb1c24&#8243; button_border_width=&#8221;0px&#8221; button_border_color=&#8221;#eb1c24&#8243; button_border_radius=&#8221;0px&#8221; button_font=&#8221;||||||||&#8221; button_use_icon=&#8221;off&#8221; max_width=&#8221;70%&#8221; max_width_phone=&#8221;100%&#8221; max_width_last_edited=&#8221;on|phone&#8221; module_alignment=&#8221;center&#8221;][et_pb_contact_field field_id=&#8221;Nimi&#8221; field_title=&#8221;\u59d3\u540d&#8221; fullwidth_field=&#8221;on&#8221; field_background_color=&#8221;#ffffff&#8221; _builder_version=&#8221;3.17.6&#8243; form_field_font=&#8221;Merriweather||||||||&#8221; form_field_text_color=&#8221;#000000&#8243; form_field_font_size=&#8221;14px&#8221; border_radii=&#8221;on||||&#8221; button_text_size__hover_enabled=&#8221;off&#8221; button_one_text_size__hover_enabled=&#8221;off&#8221; button_two_text_size__hover_enabled=&#8221;off&#8221; button_text_color__hover_enabled=&#8221;off&#8221; button_one_text_color__hover_enabled=&#8221;off&#8221; button_two_text_color__hover_enabled=&#8221;off&#8221; button_border_width__hover_enabled=&#8221;off&#8221; button_one_border_width__hover_enabled=&#8221;off&#8221; button_two_border_width__hover_enabled=&#8221;off&#8221; button_border_color__hover_enabled=&#8221;off&#8221; button_one_border_color__hover_enabled=&#8221;off&#8221; button_two_border_color__hover_enabled=&#8221;off&#8221; button_border_radius__hover_enabled=&#8221;off&#8221; button_one_border_radius__hover_enabled=&#8221;off&#8221; button_two_border_radius__hover_enabled=&#8221;off&#8221; button_letter_spacing__hover_enabled=&#8221;off&#8221; button_one_letter_spacing__hover_enabled=&#8221;off&#8221; button_two_letter_spacing__hover_enabled=&#8221;off&#8221; button_bg_color__hover_enabled=&#8221;off&#8221; button_one_bg_color__hover_enabled=&#8221;off&#8221; button_two_bg_color__hover_enabled=&#8221;off&#8221;][\/et_pb_contact_field][et_pb_contact_field field_id=&#8221;S\u00e4hk\u00f6posti&#8221; field_title=&#8221;\u90ae\u7bb1&#8221; field_type=&#8221;email&#8221; fullwidth_field=&#8221;on&#8221; field_background_color=&#8221;#ffffff&#8221; _builder_version=&#8221;3.17.6&#8243; form_field_font=&#8221;Merriweather||||||||&#8221; form_field_text_color=&#8221;#000000&#8243; form_field_font_size=&#8221;14px&#8221; border_radii=&#8221;on||||&#8221; button_text_size__hover_enabled=&#8221;off&#8221; button_one_text_size__hover_enabled=&#8221;off&#8221; button_two_text_size__hover_enabled=&#8221;off&#8221; button_text_color__hover_enabled=&#8221;off&#8221; button_one_text_color__hover_enabled=&#8221;off&#8221; button_two_text_color__hover_enabled=&#8221;off&#8221; button_border_width__hover_enabled=&#8221;off&#8221; button_one_border_width__hover_enabled=&#8221;off&#8221; button_two_border_width__hover_enabled=&#8221;off&#8221; button_border_color__hover_enabled=&#8221;off&#8221; button_one_border_color__hover_enabled=&#8221;off&#8221; button_two_border_color__hover_enabled=&#8221;off&#8221; button_border_radius__hover_enabled=&#8221;off&#8221; button_one_border_radius__hover_enabled=&#8221;off&#8221; button_two_border_radius__hover_enabled=&#8221;off&#8221; button_letter_spacing__hover_enabled=&#8221;off&#8221; button_one_letter_spacing__hover_enabled=&#8221;off&#8221; button_two_letter_spacing__hover_enabled=&#8221;off&#8221; button_bg_color__hover_enabled=&#8221;off&#8221; button_one_bg_color__hover_enabled=&#8221;off&#8221; button_two_bg_color__hover_enabled=&#8221;off&#8221;][\/et_pb_contact_field][et_pb_contact_field field_id=&#8221;Viesti&#8221; field_title=&#8221;\u7559\u8a00&#8221; field_type=&#8221;text&#8221; fullwidth_field=&#8221;on&#8221; field_background_color=&#8221;#ffffff&#8221; _builder_version=&#8221;3.17.6&#8243; form_field_font=&#8221;Merriweather||||||||&#8221; form_field_text_color=&#8221;#000000&#8243; border_radii=&#8221;on||||&#8221; button_text_size__hover_enabled=&#8221;off&#8221; button_one_text_size__hover_enabled=&#8221;off&#8221; button_two_text_size__hover_enabled=&#8221;off&#8221; button_text_color__hover_enabled=&#8221;off&#8221; button_one_text_color__hover_enabled=&#8221;off&#8221; button_two_text_color__hover_enabled=&#8221;off&#8221; button_border_width__hover_enabled=&#8221;off&#8221; button_one_border_width__hover_enabled=&#8221;off&#8221; button_two_border_width__hover_enabled=&#8221;off&#8221; button_border_color__hover_enabled=&#8221;off&#8221; button_one_border_color__hover_enabled=&#8221;off&#8221; button_two_border_color__hover_enabled=&#8221;off&#8221; button_border_radius__hover_enabled=&#8221;off&#8221; button_one_border_radius__hover_enabled=&#8221;off&#8221; button_two_border_radius__hover_enabled=&#8221;off&#8221; button_letter_spacing__hover_enabled=&#8221;off&#8221; button_one_letter_spacing__hover_enabled=&#8221;off&#8221; button_two_letter_spacing__hover_enabled=&#8221;off&#8221; button_bg_color__hover_enabled=&#8221;off&#8221; button_one_bg_color__hover_enabled=&#8221;off&#8221; button_two_bg_color__hover_enabled=&#8221;off&#8221;][\/et_pb_contact_field][et_pb_contact_field field_id=&#8221;Puhelinnumero&#8221; field_title=&#8221;\u7535\u8bdd&#8221; required_mark=&#8221;off&#8221; fullwidth_field=&#8221;on&#8221; field_background_color=&#8221;#ffffff&#8221; _builder_version=&#8221;3.17.6&#8243; form_field_font=&#8221;Merriweather||||||||&#8221; form_field_text_color=&#8221;#000000&#8243;][\/et_pb_contact_field][et_pb_contact_field field_id=&#8221;Osoite&#8221; field_title=&#8221;\u5730\u5740&#8221; required_mark=&#8221;off&#8221; fullwidth_field=&#8221;on&#8221; field_background_color=&#8221;#ffffff&#8221; _builder_version=&#8221;3.17.6&#8243; form_field_font=&#8221;Merriweather||||||||&#8221; form_field_text_color=&#8221;#000000&#8243;][\/et_pb_contact_field][et_pb_contact_field field_id=&#8221;Postinumero&#8221; field_title=&#8221;\u90ae\u7f16&#8221; allowed_symbols=&#8221;numbers&#8221; required_mark=&#8221;off&#8221; fullwidth_field=&#8221;on&#8221; field_background_color=&#8221;#ffffff&#8221; _builder_version=&#8221;3.17.6&#8243; form_field_font=&#8221;Merriweather||||||||&#8221; form_field_text_color=&#8221;#000000&#8243;][\/et_pb_contact_field][et_pb_contact_field field_id=&#8221;Kaupunki&#8221; field_title=&#8221;\u57ce\u5e02&#8221; required_mark=&#8221;off&#8221; fullwidth_field=&#8221;on&#8221; field_background_color=&#8221;#ffffff&#8221; _builder_version=&#8221;3.17.6&#8243; form_field_font=&#8221;Merriweather||||||||&#8221; form_field_text_color=&#8221;#000000&#8243;][\/et_pb_contact_field][et_pb_contact_field field_id=&#8221;Yritys&#8221; field_title=&#8221;\u516c\u53f8&#8221; required_mark=&#8221;off&#8221; fullwidth_field=&#8221;on&#8221; field_background_color=&#8221;#ffffff&#8221; _builder_version=&#8221;3.17.6&#8243; form_field_font=&#8221;Merriweather||||||||&#8221; form_field_text_color=&#8221;#000000&#8243;][\/et_pb_contact_field][et_pb_contact_field field_id=&#8221;Toiveet&#8221; field_title=&#8221;\u9700\u6c42&#8221; field_type=&#8221;text&#8221; required_mark=&#8221;off&#8221; fullwidth_field=&#8221;on&#8221; field_background_color=&#8221;#ffffff&#8221; _builder_version=&#8221;3.17.6&#8243; form_field_font=&#8221;Merriweather||||||||&#8221; form_field_text_color=&#8221;#000000&#8243;][\/et_pb_contact_field][\/et_pb_contact_form][\/et_pb_column][\/et_pb_row][\/et_pb_section][et_pb_section fb_built=&#8221;1&#8243; fullwidth=&#8221;on&#8221; _builder_version=&#8221;3.17.6&#8243;][et_pb_fullwidth_map address=&#8221;Tarvantie 1, 96930 Rovaniemi, Suomi&#8221; zoom_level=&#8221;11&#8243; address_lat=&#8221;66.5394718&#8243; address_lng=&#8221;25.7970095&#8243; mouse_wheel=&#8221;off&#8221; _builder_version=&#8221;3.17.6&#8243; child_filter_saturate=&#8221;0%&#8221;][et_pb_map_pin title=&#8221;Joulupukki&#8221; pin_address=&#8221;Tarvantie 1, 96930 Rovaniemi, Suomi&#8221; zoom_level=&#8221;10&#8243; pin_address_lat=&#8221;66.5394718&#8243; pin_address_lng=&#8221;25.7970095&#8243; _builder_version=&#8221;3.17.6&#8243;][\/et_pb_map_pin][\/et_pb_fullwidth_map][\/et_pb_section][et_pb_section fb_built=&#8221;1&#8243; _builder_version=&#8221;3.17.6&#8243; background_color=&#8221;#e3dcd2&#8243; custom_padding=&#8221;54px|0px|88px|0px|false|false&#8221;][et_pb_row _builder_version=&#8221;3.17.6&#8243;][et_pb_column type=&#8221;1_4&#8243; _builder_version=&#8221;3.0.47&#8243; parallax=&#8221;off&#8221; parallax_method=&#8221;on&#8221;][et_pb_image src=&#8221;https:\/\/www.officialsantaclausoffinland.com\/wp-content\/uploads\/2018\/11\/official-santa-claus-of-finland-logo-1.png&#8221; _builder_version=&#8221;3.17.6&#8243; max_width=&#8221;60%&#8221; module_alignment=&#8221;left&#8221; custom_margin=&#8221;-16px||&#8221;][\/et_pb_image][\/et_pb_column][et_pb_column type=&#8221;1_4&#8243; _builder_version=&#8221;3.0.47&#8243; parallax=&#8221;off&#8221; parallax_method=&#8221;on&#8221;][et_pb_text _builder_version=&#8221;3.17.6&#8243; text_font=&#8221;Merriweather||||||||&#8221; text_text_color=&#8221;#000000&#8243; text_line_height=&#8221;0.6em&#8221; header_font=&#8221;||||||||&#8221; header_text_color=&#8221;#000000&#8243; header_4_font=&#8221;|700|||||||&#8221; header_4_text_color=&#8221;#000000&#8243; header_4_font_size=&#8221;16px&#8221; custom_margin=&#8221;|||-100px&#8221; custom_margin_tablet=&#8221;|||0px&#8221; custom_margin_last_edited=&#8221;on|phone&#8221;]<\/p>\n<h4>Official Santa Claus of Finland<\/h4>\n<p>Prosanta Oy, Luojakuja 1<\/p>\n<p>96930 Arctic Circle Finland<\/p>\n<p><a title=\"Soita numeroon +358 50 517 6979\" href=\"tel:+358504719229\">+358 50 4719 229<\/a><\/p>\n<p>santa(at)officialsantaclausoffinland.com<\/p>\n<p>[\/et_pb_text][\/et_pb_column][et_pb_column type=&#8221;1_4&#8243; _builder_version=&#8221;3.0.47&#8243; parallax=&#8221;off&#8221; parallax_method=&#8221;on&#8221;][et_pb_text _builder_version=&#8221;3.17.6&#8243; text_font=&#8221;Merriweather||||||||&#8221; text_text_color=&#8221;#000000&#8243; text_line_height=&#8221;0.6em&#8221; header_font=&#8221;||||||||&#8221; header_4_font=&#8221;|700|||||||&#8221; header_4_text_color=&#8221;#000000&#8243; header_4_font_size=&#8221;16px&#8221; custom_margin_tablet=&#8221;|||0px&#8221; custom_margin_last_edited=&#8221;on|phone&#8221; locked=&#8221;off&#8221;]<\/p>\n<h4><span style=\"font-family: 'Songti TC Regular';\">\u793e\u4ea4\u5a92\u4f53<span lang=\"EN-GB\"><o:p><\/o:p><\/span><\/span><\/h4>\n<p>[\/et_pb_text][et_pb_sidebar area=&#8221;sidebar-2&#8243; _builder_version=&#8221;3.17.6&#8243; custom_margin=&#8221;-40px||&#8221;][\/et_pb_sidebar][\/et_pb_column][et_pb_column type=&#8221;1_4&#8243; _builder_version=&#8221;3.0.47&#8243; parallax=&#8221;off&#8221; parallax_method=&#8221;on&#8221;][\/et_pb_column][\/et_pb_row][\/et_pb_section]<\/p>\n","protected":false},"excerpt":{"rendered":"<p>[et_pb_section fb_built=&#8221;1&#8243; _builder_versio [&hellip;]<\/p>\n","protected":false},"author":2,"featured_media":0,"parent":0,"menu_order":0,"comment_status":"closed","ping_status":"closed","template":"","meta":{"footnotes":""},"class_list":["post-821","page","type-page","status-publish","hentry"],"yoast_head":"<!-- This site is optimized with the Yoast SEO plugin v27.3 - https:\/\/yoast.com\/product\/yoast-seo-wordpress\/ -->\n<title>\u8054\u7edc - Official Santa Claus of Finland<\/title>\n<meta name=\"robots\" content=\"index, follow, max-snippet:-1, max-image-preview:large, max-video-preview:-1\" \/>\n<link rel=\"canonical\" href=\"https:\/\/www.officialsantaclausoffinland.com\/zh-hant\/\u8054\u7edc\/\" \/>\n<meta property=\"og:locale\" content=\"zh_TW\" \/>\n<meta property=\"og:type\" content=\"article\" \/>\n<meta property=\"og:title\" content=\"\u8054\u7edc - Official Santa Claus of Finland\" \/>\n<meta property=\"og:description\" content=\"[et_pb_section fb_built=&#8221;1&#8243; _builder_versio [&hellip;]\" \/>\n<meta property=\"og:url\" content=\"https:\/\/www.officialsantaclausoffinland.com\/zh-hant\/\u8054\u7edc\/\" \/>\n<meta property=\"og:site_name\" content=\"Official Santa Claus of Finland\" \/>\n<meta property=\"article:modified_time\" content=\"2026-03-11T11:56:24+00:00\" \/>\n<meta name=\"twitter:card\" content=\"summary_large_image\" \/>\n<meta name=\"twitter:label1\" content=\"\u9810\u4f30\u95b1\u8b80\u6642\u9593\" \/>\n\t<meta name=\"twitter:data1\" content=\"9 \u5206\u9418\" \/>\n<script type=\"application\/ld+json\" class=\"yoast-schema-graph\">{\"@context\":\"https:\\\/\\\/schema.org\",\"@graph\":[{\"@type\":\"WebPage\",\"@id\":\"https:\\\/\\\/www.officialsantaclausoffinland.com\\\/zh-hant\\\/%e8%81%94%e7%bb%9c\\\/\",\"url\":\"https:\\\/\\\/www.officialsantaclausoffinland.com\\\/zh-hant\\\/%e8%81%94%e7%bb%9c\\\/\",\"name\":\"\u8054\u7edc - Official Santa Claus of Finland\",\"isPartOf\":{\"@id\":\"https:\\\/\\\/www.officialsantaclausoffinland.com\\\/#website\"},\"datePublished\":\"2019-02-12T08:09:55+00:00\",\"dateModified\":\"2026-03-11T11:56:24+00:00\",\"breadcrumb\":{\"@id\":\"https:\\\/\\\/www.officialsantaclausoffinland.com\\\/zh-hant\\\/%e8%81%94%e7%bb%9c\\\/#breadcrumb\"},\"inLanguage\":\"zh-TW\",\"potentialAction\":[{\"@type\":\"ReadAction\",\"target\":[\"https:\\\/\\\/www.officialsantaclausoffinland.com\\\/zh-hant\\\/%e8%81%94%e7%bb%9c\\\/\"]}]},{\"@type\":\"BreadcrumbList\",\"@id\":\"https:\\\/\\\/www.officialsantaclausoffinland.com\\\/zh-hant\\\/%e8%81%94%e7%bb%9c\\\/#breadcrumb\",\"itemListElement\":[{\"@type\":\"ListItem\",\"position\":1,\"name\":\"Home\",\"item\":\"https:\\\/\\\/www.officialsantaclausoffinland.com\\\/zh-hant\\\/\"},{\"@type\":\"ListItem\",\"position\":2,\"name\":\"\u8054\u7edc\"}]},{\"@type\":\"WebSite\",\"@id\":\"https:\\\/\\\/www.officialsantaclausoffinland.com\\\/#website\",\"url\":\"https:\\\/\\\/www.officialsantaclausoffinland.com\\\/\",\"name\":\"Official Santa Claus of Finland\",\"description\":\"\",\"potentialAction\":[{\"@type\":\"SearchAction\",\"target\":{\"@type\":\"EntryPoint\",\"urlTemplate\":\"https:\\\/\\\/www.officialsantaclausoffinland.com\\\/?s={search_term_string}\"},\"query-input\":{\"@type\":\"PropertyValueSpecification\",\"valueRequired\":true,\"valueName\":\"search_term_string\"}}],\"inLanguage\":\"zh-TW\"}]}<\/script>\n<!-- \/ Yoast SEO plugin. -->","yoast_head_json":{"title":"\u8054\u7edc - Official Santa Claus of Finland","robots":{"index":"index","follow":"follow","max-snippet":"max-snippet:-1","max-image-preview":"max-image-preview:large","max-video-preview":"max-video-preview:-1"},"canonical":"https:\/\/www.officialsantaclausoffinland.com\/zh-hant\/\u8054\u7edc\/","og_locale":"zh_TW","og_type":"article","og_title":"\u8054\u7edc - Official Santa Claus of Finland","og_description":"[et_pb_section fb_built=&#8221;1&#8243; _builder_versio [&hellip;]","og_url":"https:\/\/www.officialsantaclausoffinland.com\/zh-hant\/\u8054\u7edc\/","og_site_name":"Official Santa Claus of Finland","article_modified_time":"2026-03-11T11:56:24+00:00","twitter_card":"summary_large_image","twitter_misc":{"\u9810\u4f30\u95b1\u8b80\u6642\u9593":"9 \u5206\u9418"},"schema":{"@context":"https:\/\/schema.org","@graph":[{"@type":"WebPage","@id":"https:\/\/www.officialsantaclausoffinland.com\/zh-hant\/%e8%81%94%e7%bb%9c\/","url":"https:\/\/www.officialsantaclausoffinland.com\/zh-hant\/%e8%81%94%e7%bb%9c\/","name":"\u8054\u7edc - Official Santa Claus of Finland","isPartOf":{"@id":"https:\/\/www.officialsantaclausoffinland.com\/#website"},"datePublished":"2019-02-12T08:09:55+00:00","dateModified":"2026-03-11T11:56:24+00:00","breadcrumb":{"@id":"https:\/\/www.officialsantaclausoffinland.com\/zh-hant\/%e8%81%94%e7%bb%9c\/#breadcrumb"},"inLanguage":"zh-TW","potentialAction":[{"@type":"ReadAction","target":["https:\/\/www.officialsantaclausoffinland.com\/zh-hant\/%e8%81%94%e7%bb%9c\/"]}]},{"@type":"BreadcrumbList","@id":"https:\/\/www.officialsantaclausoffinland.com\/zh-hant\/%e8%81%94%e7%bb%9c\/#breadcrumb","itemListElement":[{"@type":"ListItem","position":1,"name":"Home","item":"https:\/\/www.officialsantaclausoffinland.com\/zh-hant\/"},{"@type":"ListItem","position":2,"name":"\u8054\u7edc"}]},{"@type":"WebSite","@id":"https:\/\/www.officialsantaclausoffinland.com\/#website","url":"https:\/\/www.officialsantaclausoffinland.com\/","name":"Official Santa Claus of Finland","description":"","potentialAction":[{"@type":"SearchAction","target":{"@type":"EntryPoint","urlTemplate":"https:\/\/www.officialsantaclausoffinland.com\/?s={search_term_string}"},"query-input":{"@type":"PropertyValueSpecification","valueRequired":true,"valueName":"search_term_string"}}],"inLanguage":"zh-TW"}]}},"_links":{"self":[{"href":"https:\/\/www.officialsantaclausoffinland.com\/zh-hant\/wp-json\/wp\/v2\/pages\/821","targetHints":{"allow":["GET"]}}],"collection":[{"href":"https:\/\/www.officialsantaclausoffinland.com\/zh-hant\/wp-json\/wp\/v2\/pages"}],"about":[{"href":"https:\/\/www.officialsantaclausoffinland.com\/zh-hant\/wp-json\/wp\/v2\/types\/page"}],"author":[{"embeddable":true,"href":"https:\/\/www.officialsantaclausoffinland.com\/zh-hant\/wp-json\/wp\/v2\/users\/2"}],"replies":[{"embeddable":true,"href":"https:\/\/www.officialsantaclausoffinland.com\/zh-hant\/wp-json\/wp\/v2\/comments?post=821"}],"version-history":[{"count":8,"href":"https:\/\/www.officialsantaclausoffinland.com\/zh-hant\/wp-json\/wp\/v2\/pages\/821\/revisions"}],"predecessor-version":[{"id":992,"href":"https:\/\/www.officialsantaclausoffinland.com\/zh-hant\/wp-json\/wp\/v2\/pages\/821\/revisions\/992"}],"wp:attachment":[{"href":"https:\/\/www.officialsantaclausoffinland.com\/zh-hant\/wp-json\/wp\/v2\/media?parent=821"}],"curies":[{"name":"wp","href":"https:\/\/api.w.org\/{rel}","templated":true}]}}