{"id":819,"date":"2019-02-12T10:08:23","date_gmt":"2019-02-12T08:08:23","guid":{"rendered":"https:\/\/www.officialsantaclausoffinland.com\/?page_id=819"},"modified":"2019-02-12T10:08:23","modified_gmt":"2019-02-12T08:08:23","slug":"blog","status":"publish","type":"page","link":"https:\/\/www.officialsantaclausoffinland.com\/zh-hant\/blog\/","title":{"rendered":"Blog"},"content":{"rendered":"<p>[et_pb_section bb_built=&#8221;1&#8243; _builder_version=&#8221;3.17.6&#8243; custom_margin=&#8221;-124px||&#8221; custom_padding=&#8221;0px|0px|0|0|false|false&#8221; next_background_color=&#8221;#000000&#8243;][et_pb_row use_custom_width=&#8221;on&#8221; width_unit=&#8221;off&#8221; custom_width_percent=&#8221;100%&#8221; custom_padding=&#8221;0|0px|0|0px|true|false&#8221; make_equal=&#8221;on&#8221; _builder_version=&#8221;3.17.6&#8243;][et_pb_column type=&#8221;4_4&#8243;][et_pb_slider show_arrows=&#8221;off&#8221; _builder_version=&#8221;3.17.6&#8243; header_level=&#8221;h1&#8243; header_font=&#8221;|600|||||||&#8221; header_font_size=&#8221;30px&#8221; header_line_height=&#8221;1.6em&#8221; body_font=&#8221;||||||||&#8221; body_font_size=&#8221;14px&#8221; body_line_height=&#8221;1.8em&#8221; custom_button=&#8221;on&#8221; button_text_size=&#8221;12.5px&#8221; button_text_color=&#8221;#ffffff&#8221; button_bg_color=&#8221;#eb1c24&#8243; button_border_width=&#8221;0px&#8221; button_border_radius=&#8221;0px&#8221; button_font=&#8221;|600||on|||||&#8221; button_use_icon=&#8221;off&#8221; text_orientation=&#8221;left&#8221; auto=&#8221;on&#8221; button_bg_color__hover_enabled=&#8221;on&#8221; button_bg_color__hover=&#8221;#ffffff&#8221; button_text_color__hover_enabled=&#8221;on&#8221; button_text_color__hover=&#8221;#000000&#8243;][et_pb_slide heading=&#8221;Blog&#8221; _builder_version=&#8221;3.17.6&#8243; header_font=&#8221;||||||||&#8221; header_font_size=&#8221;30px&#8221; body_font=&#8221;Merriweather||||||||&#8221; background_color=&#8221;#ffffff&#8221; use_background_color_gradient=&#8221;on&#8221; background_color_gradient_start=&#8221;rgba(0,0,0,0.9)&#8221; background_color_gradient_end=&#8221;rgba(41,196,169,0)&#8221; background_color_gradient_end_position=&#8221;20%&#8221; background_color_gradient_overlays_image=&#8221;on&#8221; background_image=&#8221;https:\/\/www.officialsantaclausoffinland.com\/wp-content\/uploads\/2018\/11\/official-santa-claus-of-finland-santa-elves1999x1334px-2.jpg&#8221; custom_padding=&#8221;|550px||0px&#8221; custom_padding_tablet=&#8221;|225px||&#8221; custom_padding_phone=&#8221;|0px||&#8221; custom_padding_last_edited=&#8221;on|phone&#8221;][\/et_pb_slide][\/et_pb_slider][\/et_pb_column][\/et_pb_row][\/et_pb_section][et_pb_section bb_built=&#8221;1&#8243; _builder_version=&#8221;3.17.6&#8243; background_image=&#8221;https:\/\/www.officialsantaclausoffinland.com\/wp-content\/uploads\/2018\/11\/official-santa-calus-of-finland-background.jpg&#8221; background_position=&#8221;top_center&#8221; custom_padding=&#8221;54px|0px|54px|0px|false|false&#8221; prev_background_color=&#8221;#ffffff&#8221; next_background_color=&#8221;#ffffff&#8221;][et_pb_row _builder_version=&#8221;3.17.6&#8243;][et_pb_column type=&#8221;4_4&#8243;][et_pb_blurb use_icon=&#8221;on&#8221; font_icon=&#8221;%%18%%&#8221; icon_color=&#8221;#ffffff&#8221; _builder_version=&#8221;3.17.6&#8243; custom_margin=&#8221;-215px|||-4px&#8221; animation_style=&#8221;slide&#8221; animation_repeat=&#8221;loop&#8221; animation_direction=&#8221;top&#8221; animation_duration=&#8221;2000ms&#8221; animation_delay=&#8221;2000ms&#8221; animation_intensity_slide=&#8221;10%&#8221; animation=&#8221;bottom&#8221; locked=&#8221;off&#8221; \/][et_pb_video src=&#8221;https:\/\/www.youtube.com\/watch?v=nNrS3xP3lE8&#8243; src_webm=&#8221;https:\/\/www.youtube.com\/watch?v=nNrS3xP3lE8&#8243; _builder_version=&#8221;3.17.6&#8243; custom_margin=&#8221;120px||&#8221; \/][\/et_pb_column][\/et_pb_row][\/et_pb_section][et_pb_section bb_built=&#8221;1&#8243; _builder_version=&#8221;3.17.6&#8243; prev_background_color=&#8221;#000000&#8243; next_background_color=&#8221;#e3dcd2&#8243;][et_pb_row make_fullwidth=&#8221;on&#8221; use_custom_gutter=&#8221;on&#8221; gutter_width=&#8221;4&#8243; custom_padding=&#8221;0|0px|0|0px|false|false&#8221; make_equal=&#8221;on&#8221; module_class_1=&#8221;vertical-align&#8221; module_class_2=&#8221;vertical-align&#8221; _builder_version=&#8221;3.17.6&#8243; module_alignment=&#8221;left&#8221;][et_pb_column type=&#8221;2_5&#8243;][et_pb_image src=&#8221;https:\/\/www.officialsantaclausoffinland.com\/wp-content\/uploads\/2018\/11\/official-santa-claus-true-santa.jpg&#8221; _builder_version=&#8221;3.17.6&#8243; \/][\/et_pb_column][et_pb_column type=&#8221;3_5&#8243;][et_pb_text admin_label=&#8221;Title&#8221; _builder_version=&#8221;3.17.6&#8243; text_font=&#8221;Merriweather||||||||&#8221; text_text_color=&#8221;#000000&#8243; text_line_height=&#8221;1.8em&#8221; header_font=&#8221;||||||||&#8221; header_2_font=&#8221;||||||||&#8221; header_2_text_color=&#8221;#693b29&#8243; header_2_font_size=&#8221;30px&#8221; header_2_font_size_tablet=&#8221;35px&#8221; header_2_font_size_phone=&#8221;35px&#8221; header_2_font_size_last_edited=&#8221;on|phone&#8221; header_2_line_height=&#8221;1.5em&#8221; header_2_line_height_tablet=&#8221;1em&#8221; header_2_line_height_phone=&#8221;1.4em&#8221; header_2_line_height_last_edited=&#8221;off|desktop&#8221; max_width=&#8221;500px&#8221; module_alignment=&#8221;center&#8221; custom_margin=&#8221;0px||&#8221; custom_padding=&#8221;|||&#8221;]<\/p>\n<h2>Mist\u00e4 tunnistaa Aidon Oikean Joulupukin?<\/h2>\n<p>Tuuheasta parrasta, py\u00f6re\u00e4st\u00e4 mahasta, lempe\u00e4st\u00e4 \u00e4\u00e4nest\u00e4, arvokkaasta olemuksesta, pilkkeest\u00e4 silm\u00e4kulmassa. Oikea Joulupukki tuo joulun taikaa sinne minne meneekin: unohtumattoman el\u00e4myksen, hyv\u00e4\u00e4 mielt\u00e4 ja toivoa tai satumaisen matkan nostalgisiin muistoihin.<\/p>\n<p>[\/et_pb_text][\/et_pb_column][\/et_pb_row][\/et_pb_section][et_pb_section bb_built=&#8221;1&#8243; _builder_version=&#8221;3.17.6&#8243; background_color=&#8221;#e3dcd2&#8243; prev_background_color=&#8221;#ffffff&#8221; next_background_color=&#8221;#ffffff&#8221;][et_pb_row make_fullwidth=&#8221;on&#8221; use_custom_gutter=&#8221;on&#8221; gutter_width=&#8221;4&#8243; custom_padding=&#8221;0|0px|0|0px|false|false&#8221; make_equal=&#8221;on&#8221; padding_right_1=&#8221;0px&#8221; padding_right_2=&#8221;0px&#8221; padding_left_1=&#8221;0px&#8221; padding_left_2=&#8221;0px&#8221; module_class_1=&#8221;vertical-align&#8221; module_class_2=&#8221;vertical-align&#8221; _builder_version=&#8221;3.17.6&#8243; module_alignment=&#8221;right&#8221;][et_pb_column type=&#8221;3_5&#8243;][et_pb_text admin_label=&#8221;Title&#8221; _builder_version=&#8221;3.17.6&#8243; text_font=&#8221;Merriweather||||||||&#8221; text_text_color=&#8221;#000000&#8243; text_line_height=&#8221;1.8em&#8221; header_font=&#8221;||||||||&#8221; header_2_font=&#8221;||||||||&#8221; header_2_text_color=&#8221;#693b29&#8243; header_2_font_size=&#8221;30px&#8221; header_2_font_size_tablet=&#8221;35px&#8221; header_2_font_size_phone=&#8221;35px&#8221; header_2_font_size_last_edited=&#8221;on|phone&#8221; header_2_line_height=&#8221;1.5em&#8221; header_2_line_height_tablet=&#8221;1em&#8221; header_2_line_height_phone=&#8221;1.4em&#8221; header_2_line_height_last_edited=&#8221;off|desktop&#8221; max_width=&#8221;550px&#8221; module_alignment=&#8221;center&#8221; custom_margin=&#8221;0px||&#8221; custom_padding=&#8221;|||&#8221;]<\/p>\n<h2 class=\"et_pb_module_header et-fb-editable-element et-fb-editable-element__editing\" contenteditable=\"true\" data-shortcode-id=\"5.0.1.0-1542184966514\" data-quickaccess-id=\"header\">Mihin Joulupukki uskoo?<\/h2>\n<p>Joulupukkiin uskoo moni pieni ja suurempikin joulun yst\u00e4v\u00e4, mutta mihin itse Joulupukki uskoo?\u00a0 H\u00e4n uskoo Joulun arvoihin, jota my\u00f6s toimissaan haluaa toteuttaa. Niit\u00e4 ovat v\u00e4litt\u00e4minen, huolehtiminen,\u00a0 yst\u00e4v\u00e4llisyys, onnellisuus, lohduttaminen, aitous, suomalaisuus, rakkaus ja toivo, usko tulevaisuuteen ja historian arvostaminen sek\u00e4 lapsenuskon vilpit\u00f6n kunnioitus.<\/p>\n<p>[\/et_pb_text][\/et_pb_column][et_pb_column type=&#8221;2_5&#8243;][et_pb_image src=&#8221;https:\/\/www.officialsantaclausoffinland.com\/wp-content\/uploads\/2018\/11\/official-santa-claus-true-santa-claus.jpg&#8221; _builder_version=&#8221;3.17.6&#8243; \/][\/et_pb_column][\/et_pb_row][\/et_pb_section][et_pb_section bb_built=&#8221;1&#8243; _builder_version=&#8221;3.17.6&#8243; prev_background_color=&#8221;#e3dcd2&#8243; next_background_color=&#8221;#e3dcd2&#8243;][et_pb_row make_fullwidth=&#8221;on&#8221; use_custom_gutter=&#8221;on&#8221; gutter_width=&#8221;4&#8243; custom_padding=&#8221;0|0px|0|0px|false|false&#8221; make_equal=&#8221;on&#8221; module_class_1=&#8221;vertical-align&#8221; module_class_2=&#8221;vertical-align&#8221; _builder_version=&#8221;3.17.6&#8243; module_alignment=&#8221;left&#8221;][et_pb_column type=&#8221;2_5&#8243;][et_pb_image src=&#8221;https:\/\/www.officialsantaclausoffinland.com\/wp-content\/uploads\/2018\/11\/official-santa-summer-bg2-1.jpg&#8221; _builder_version=&#8221;3.17.6&#8243; \/][\/et_pb_column][et_pb_column type=&#8221;3_5&#8243;][et_pb_text admin_label=&#8221;Title&#8221; _builder_version=&#8221;3.17.6&#8243; text_font=&#8221;Merriweather||||||||&#8221; text_text_color=&#8221;#000000&#8243; text_line_height=&#8221;1.8em&#8221; header_font=&#8221;||||||||&#8221; header_2_font=&#8221;||||||||&#8221; header_2_text_color=&#8221;#693b29&#8243; header_2_font_size=&#8221;30px&#8221; header_2_font_size_tablet=&#8221;35px&#8221; header_2_font_size_phone=&#8221;35px&#8221; header_2_font_size_last_edited=&#8221;on|phone&#8221; header_2_line_height=&#8221;1.5em&#8221; header_2_line_height_tablet=&#8221;1em&#8221; header_2_line_height_phone=&#8221;1.4em&#8221; header_2_line_height_last_edited=&#8221;off|desktop&#8221; max_width=&#8221;550px&#8221; module_alignment=&#8221;center&#8221; custom_margin=&#8221;0px||&#8221; custom_padding=&#8221;|||&#8221;]<\/p>\n<h2 class=\"et_pb_module_header et-fb-editable-element et-fb-editable-element__editing\" contenteditable=\"true\" data-shortcode-id=\"5.0.1.0-1542184966514\" data-quickaccess-id=\"header\">Mist\u00e4 Joulupukki on kotoisin?<\/h2>\n<p>Joulupukilla on monta rakasta majapaikkaa, joissa h\u00e4n vieraillee usein ehti\u00e4kseen paremmin tavata yst\u00e4vi\u00e4\u00e4n ymp\u00e4ri maailmaa. H\u00e4nen kotinsa on kuitenkin Suomen Lapissa,\u00a0 Euroopan pohjoisella laidalla. Joulupukilla on Korvatunturilla salainen piilopirtti, jossa h\u00e4n tonttuineen lep\u00e4\u00e4 ja rentoutuu nauttien Lapin er\u00e4maiden rauhasta ja ihmeellisist\u00e4 luonnonilmi\u00f6ist\u00e4. Joulun taika on Lapissa aina l\u00e4sn\u00e4! Kaamoksen sinisine hetkineen voi kokea vain Lapissa.\u00a0Taivaalla leiskuvat revontulet luovat talven pimeyteen satumaista tunnelmaa. Legendan mukaan revontulet syntyv\u00e4t, kun kettu pyyhk\u00e4isee tunturin kivikkoista kylke\u00e4 h\u00e4nn\u00e4ll\u00e4\u00e4n ja lenn\u00e4tt\u00e4\u00e4 taivaalle kipin\u00f6it\u00e4. Nykytiede on kuitenkin ratkaissut revontulten alkuper\u00e4n: ne syntyv\u00e4t auringon s\u00e4hk\u00f6isesti varautuneiden hiukkasten t\u00f6rm\u00e4tess\u00e4\u00a0 maapallon ilmakeh\u00e4\u00e4n. Kes\u00e4ll\u00e4 aurinko ei laske lainkaan, ja luonto puhkeaa kukkaan y\u00f6tt\u00f6m\u00e4n y\u00f6n loppumattomassa valossa. Lapin syksy\u00e4 v\u00e4ritt\u00e4\u00e4 ruska, joka sytytt\u00e4\u00e4 sek\u00e4 puut ett\u00e4 maan hehkuviin v\u00e4reihin. Kev\u00e4ttalven loistavat hanget houkuttelevat puolestaan ulkoilemaan ja nauttimaan puhtaasta ja raikkaasta ilmasta.<\/p>\n<p>[\/et_pb_text][\/et_pb_column][\/et_pb_row][\/et_pb_section][et_pb_section bb_built=&#8221;1&#8243; _builder_version=&#8221;3.17.6&#8243; background_color=&#8221;#e3dcd2&#8243; custom_padding=&#8221;54px|0px|88px|0px|false|false&#8221; saved_tabs=&#8221;all&#8221; prev_background_color=&#8221;#ffffff&#8221;][et_pb_row _builder_version=&#8221;3.17.6&#8243;][et_pb_column type=&#8221;1_4&#8243;][et_pb_image src=&#8221;https:\/\/www.officialsantaclausoffinland.com\/wp-content\/uploads\/2018\/11\/official-santa-claus-of-finland-logo.png&#8221; _builder_version=&#8221;3.17.6&#8243; max_width=&#8221;60%&#8221; module_alignment=&#8221;left&#8221; custom_margin=&#8221;-16px||&#8221; \/][\/et_pb_column][et_pb_column type=&#8221;1_4&#8243;][et_pb_text _builder_version=&#8221;3.17.6&#8243; text_font=&#8221;Merriweather||||||||&#8221; text_text_color=&#8221;#000000&#8243; text_line_height=&#8221;0.6em&#8221; header_font=&#8221;||||||||&#8221; header_text_color=&#8221;#000000&#8243; header_4_font=&#8221;|700|||||||&#8221; header_4_text_color=&#8221;#000000&#8243; header_4_font_size=&#8221;16px&#8221; custom_margin=&#8221;|||-120px&#8221; custom_margin_tablet=&#8221;|||0px&#8221; custom_margin_last_edited=&#8221;on|phone&#8221;]<\/p>\n<h4>Official Santa Claus of Finland<\/h4>\n<p>Prosanta Oy, Luojakuja 1<\/p>\n<p>96930 Arctic Circle Finland<\/p>\n<p><a title=\"Soita numeroon +358 50 517 6979\" href=\"tel:+358%2050 517 6979\">+358 50 517 6979<\/a><\/p>\n<p>santa(at)officialsantaclausoffinland.com<\/p>\n<p>[\/et_pb_text][\/et_pb_column][et_pb_column type=&#8221;1_4&#8243;][et_pb_text _builder_version=&#8221;3.17.6&#8243; text_font=&#8221;Merriweather||||||||&#8221; text_text_color=&#8221;#000000&#8243; text_line_height=&#8221;0.6em&#8221; header_font=&#8221;||||||||&#8221; header_4_font=&#8221;|700|||||||&#8221; header_4_text_color=&#8221;#000000&#8243; header_4_font_size=&#8221;16px&#8221; custom_margin_tablet=&#8221;|||0px&#8221; custom_margin_last_edited=&#8221;on|phone&#8221; locked=&#8221;off&#8221;]<\/p>\n<h4>Sosiaalinen media<\/h4>\n<p>&nbsp;<\/p>\n<p>[\/et_pb_text][et_pb_sidebar area=&#8221;sidebar-2&#8243; _builder_version=&#8221;3.17.6&#8243; custom_margin=&#8221;-40px||&#8221; \/][\/et_pb_column][et_pb_column type=&#8221;1_4&#8243;][\/et_pb_column][\/et_pb_row][\/et_pb_section]<\/p>\n","protected":false},"excerpt":{"rendered":"<p>[et_pb_section bb_built=&#8221;1&#8243; _builder_versio [&hellip;]<\/p>\n","protected":false},"author":2,"featured_media":0,"parent":0,"menu_order":0,"comment_status":"closed","ping_status":"closed","template":"","meta":{"footnotes":""},"class_list":["post-819","page","type-page","status-publish","hentry"],"yoast_head":"<!-- This site is optimized with the Yoast SEO plugin v27.3 - https:\/\/yoast.com\/product\/yoast-seo-wordpress\/ -->\n<title>Blog - Official Santa Claus of Finland<\/title>\n<meta name=\"robots\" content=\"index, follow, max-snippet:-1, max-image-preview:large, max-video-preview:-1\" \/>\n<link rel=\"canonical\" href=\"https:\/\/www.officialsantaclausoffinland.com\/zh-hant\/blog\/\" \/>\n<meta property=\"og:locale\" content=\"zh_TW\" \/>\n<meta property=\"og:type\" content=\"article\" \/>\n<meta property=\"og:title\" content=\"Blog - Official Santa Claus of Finland\" \/>\n<meta property=\"og:description\" content=\"[et_pb_section bb_built=&#8221;1&#8243; _builder_versio [&hellip;]\" \/>\n<meta property=\"og:url\" content=\"https:\/\/www.officialsantaclausoffinland.com\/zh-hant\/blog\/\" \/>\n<meta property=\"og:site_name\" content=\"Official Santa Claus of Finland\" \/>\n<meta name=\"twitter:card\" content=\"summary_large_image\" \/>\n<meta name=\"twitter:label1\" content=\"\u9810\u4f30\u95b1\u8b80\u6642\u9593\" \/>\n\t<meta name=\"twitter:data1\" content=\"7 \u5206\u9418\" \/>\n<script type=\"application\/ld+json\" class=\"yoast-schema-graph\">{\"@context\":\"https:\\\/\\\/schema.org\",\"@graph\":[{\"@type\":\"WebPage\",\"@id\":\"https:\\\/\\\/www.officialsantaclausoffinland.com\\\/zh-hant\\\/blog\\\/\",\"url\":\"https:\\\/\\\/www.officialsantaclausoffinland.com\\\/zh-hant\\\/blog\\\/\",\"name\":\"Blog - Official Santa Claus of Finland\",\"isPartOf\":{\"@id\":\"https:\\\/\\\/www.officialsantaclausoffinland.com\\\/#website\"},\"datePublished\":\"2019-02-12T08:08:23+00:00\",\"breadcrumb\":{\"@id\":\"https:\\\/\\\/www.officialsantaclausoffinland.com\\\/zh-hant\\\/blog\\\/#breadcrumb\"},\"inLanguage\":\"zh-TW\",\"potentialAction\":[{\"@type\":\"ReadAction\",\"target\":[\"https:\\\/\\\/www.officialsantaclausoffinland.com\\\/zh-hant\\\/blog\\\/\"]}]},{\"@type\":\"BreadcrumbList\",\"@id\":\"https:\\\/\\\/www.officialsantaclausoffinland.com\\\/zh-hant\\\/blog\\\/#breadcrumb\",\"itemListElement\":[{\"@type\":\"ListItem\",\"position\":1,\"name\":\"Home\",\"item\":\"https:\\\/\\\/www.officialsantaclausoffinland.com\\\/zh-hant\\\/\"},{\"@type\":\"ListItem\",\"position\":2,\"name\":\"Blog\"}]},{\"@type\":\"WebSite\",\"@id\":\"https:\\\/\\\/www.officialsantaclausoffinland.com\\\/#website\",\"url\":\"https:\\\/\\\/www.officialsantaclausoffinland.com\\\/\",\"name\":\"Official Santa Claus of Finland\",\"description\":\"\",\"potentialAction\":[{\"@type\":\"SearchAction\",\"target\":{\"@type\":\"EntryPoint\",\"urlTemplate\":\"https:\\\/\\\/www.officialsantaclausoffinland.com\\\/?s={search_term_string}\"},\"query-input\":{\"@type\":\"PropertyValueSpecification\",\"valueRequired\":true,\"valueName\":\"search_term_string\"}}],\"inLanguage\":\"zh-TW\"}]}<\/script>\n<!-- \/ Yoast SEO plugin. -->","yoast_head_json":{"title":"Blog - Official Santa Claus of Finland","robots":{"index":"index","follow":"follow","max-snippet":"max-snippet:-1","max-image-preview":"max-image-preview:large","max-video-preview":"max-video-preview:-1"},"canonical":"https:\/\/www.officialsantaclausoffinland.com\/zh-hant\/blog\/","og_locale":"zh_TW","og_type":"article","og_title":"Blog - Official Santa Claus of Finland","og_description":"[et_pb_section bb_built=&#8221;1&#8243; _builder_versio [&hellip;]","og_url":"https:\/\/www.officialsantaclausoffinland.com\/zh-hant\/blog\/","og_site_name":"Official Santa Claus of Finland","twitter_card":"summary_large_image","twitter_misc":{"\u9810\u4f30\u95b1\u8b80\u6642\u9593":"7 \u5206\u9418"},"schema":{"@context":"https:\/\/schema.org","@graph":[{"@type":"WebPage","@id":"https:\/\/www.officialsantaclausoffinland.com\/zh-hant\/blog\/","url":"https:\/\/www.officialsantaclausoffinland.com\/zh-hant\/blog\/","name":"Blog - Official Santa Claus of Finland","isPartOf":{"@id":"https:\/\/www.officialsantaclausoffinland.com\/#website"},"datePublished":"2019-02-12T08:08:23+00:00","breadcrumb":{"@id":"https:\/\/www.officialsantaclausoffinland.com\/zh-hant\/blog\/#breadcrumb"},"inLanguage":"zh-TW","potentialAction":[{"@type":"ReadAction","target":["https:\/\/www.officialsantaclausoffinland.com\/zh-hant\/blog\/"]}]},{"@type":"BreadcrumbList","@id":"https:\/\/www.officialsantaclausoffinland.com\/zh-hant\/blog\/#breadcrumb","itemListElement":[{"@type":"ListItem","position":1,"name":"Home","item":"https:\/\/www.officialsantaclausoffinland.com\/zh-hant\/"},{"@type":"ListItem","position":2,"name":"Blog"}]},{"@type":"WebSite","@id":"https:\/\/www.officialsantaclausoffinland.com\/#website","url":"https:\/\/www.officialsantaclausoffinland.com\/","name":"Official Santa Claus of Finland","description":"","potentialAction":[{"@type":"SearchAction","target":{"@type":"EntryPoint","urlTemplate":"https:\/\/www.officialsantaclausoffinland.com\/?s={search_term_string}"},"query-input":{"@type":"PropertyValueSpecification","valueRequired":true,"valueName":"search_term_string"}}],"inLanguage":"zh-TW"}]}},"_links":{"self":[{"href":"https:\/\/www.officialsantaclausoffinland.com\/zh-hant\/wp-json\/wp\/v2\/pages\/819","targetHints":{"allow":["GET"]}}],"collection":[{"href":"https:\/\/www.officialsantaclausoffinland.com\/zh-hant\/wp-json\/wp\/v2\/pages"}],"about":[{"href":"https:\/\/www.officialsantaclausoffinland.com\/zh-hant\/wp-json\/wp\/v2\/types\/page"}],"author":[{"embeddable":true,"href":"https:\/\/www.officialsantaclausoffinland.com\/zh-hant\/wp-json\/wp\/v2\/users\/2"}],"replies":[{"embeddable":true,"href":"https:\/\/www.officialsantaclausoffinland.com\/zh-hant\/wp-json\/wp\/v2\/comments?post=819"}],"version-history":[{"count":1,"href":"https:\/\/www.officialsantaclausoffinland.com\/zh-hant\/wp-json\/wp\/v2\/pages\/819\/revisions"}],"predecessor-version":[{"id":820,"href":"https:\/\/www.officialsantaclausoffinland.com\/zh-hant\/wp-json\/wp\/v2\/pages\/819\/revisions\/820"}],"wp:attachment":[{"href":"https:\/\/www.officialsantaclausoffinland.com\/zh-hant\/wp-json\/wp\/v2\/media?parent=819"}],"curies":[{"name":"wp","href":"https:\/\/api.w.org\/{rel}","templated":true}]}}