{"id":82,"date":"2018-11-13T23:07:17","date_gmt":"2018-11-13T21:07:17","guid":{"rendered":"http:\/\/www.officialsantaclausoffinland.com\/?page_id=82"},"modified":"2026-03-11T13:27:11","modified_gmt":"2026-03-11T11:27:11","slug":"tietoa-meista","status":"publish","type":"page","link":"https:\/\/www.officialsantaclausoffinland.com\/fi\/tietoa-meista\/","title":{"rendered":"Tietoa meist\u00e4"},"content":{"rendered":"<p>[et_pb_section fb_built=&#8221;1&#8243; _builder_version=&#8221;3.17.6&#8243; custom_margin=&#8221;-124px||&#8221; custom_padding=&#8221;0px|0px|0|0|false|false&#8221;][et_pb_row use_custom_width=&#8221;on&#8221; width_unit=&#8221;off&#8221; custom_width_percent=&#8221;100%&#8221; custom_padding=&#8221;0|0px|0|0px|true|false&#8221; make_equal=&#8221;on&#8221; _builder_version=&#8221;3.17.6&#8243;][et_pb_column type=&#8221;4_4&#8243; _builder_version=&#8221;3.0.47&#8243; parallax=&#8221;off&#8221; parallax_method=&#8221;on&#8221;][et_pb_slider show_arrows=&#8221;off&#8221; _builder_version=&#8221;3.17.6&#8243; header_level=&#8221;h1&#8243; header_font=&#8221;|600|||||||&#8221; header_font_size=&#8221;30px&#8221; header_line_height=&#8221;1.6em&#8221; body_font=&#8221;||||||||&#8221; body_font_size=&#8221;14px&#8221; body_line_height=&#8221;1.8em&#8221; custom_button=&#8221;on&#8221; button_text_size=&#8221;12.5px&#8221; button_text_color=&#8221;#ffffff&#8221; button_bg_color=&#8221;#eb1c24&#8243; button_border_width=&#8221;0px&#8221; button_border_radius=&#8221;0px&#8221; button_font=&#8221;|600||on|||||&#8221; button_use_icon=&#8221;off&#8221; text_orientation=&#8221;left&#8221; auto=&#8221;on&#8221; button_bg_color__hover_enabled=&#8221;on&#8221; button_bg_color__hover=&#8221;#ffffff&#8221; button_text_color__hover_enabled=&#8221;on&#8221; button_text_color__hover=&#8221;#000000&#8243;][et_pb_slide heading=&#8221;Jouluel\u00e4mysten tunnustetut ammattilaiset&#8221; _builder_version=&#8221;3.17.6&#8243; header_font=&#8221;||||||||&#8221; header_font_size=&#8221;30px&#8221; body_font=&#8221;Merriweather||||||||&#8221; background_color=&#8221;#ffffff&#8221; use_background_color_gradient=&#8221;on&#8221; background_color_gradient_start=&#8221;rgba(0,0,0,0.9)&#8221; background_color_gradient_end=&#8221;rgba(41,196,169,0)&#8221; background_color_gradient_end_position=&#8221;20%&#8221; background_color_gradient_overlays_image=&#8221;on&#8221; background_image=&#8221;https:\/\/www.officialsantaclausoffinland.com\/wp-content\/uploads\/2018\/11\/official-santa-claus-of-finland-santa-reindeer1999x1334px.jpg&#8221; custom_padding=&#8221;|550px||0px&#8221; custom_padding_tablet=&#8221;|225px||&#8221; custom_padding_phone=&#8221;|0px||&#8221; custom_padding_last_edited=&#8221;on|phone&#8221;]<\/p>\n<p>Suomen virallisen Joulupukin takana on ProSanta Oy, joka kuuluu SantaPark Arctic World -yritysperheeseen. Yritys aloitti toimintansa joulupukkipalveluna vuona 1997 ja on nyt maailman arvostetuimpiin kuuluva jouluel\u00e4mysten tuottaja. Suomen virallisen Joulupukin palveluksessa ty\u00f6skentelee n. 100 henkil\u00f6\u00e4. Santa Park Arctic Worldin omistuksessa ovat mm. Suomen Lapissa sijaitsevat el\u00e4myskohteet SantaPark Oy ja Santa Claus Secret Forest. Toimintamme tukikohta on Joulupukin virallisessa kotikaupungissa Rovaniemell\u00e4, josta on hyv\u00e4t yhteydet kaikkialle maailmaan.<\/p>\n<p>[\/et_pb_slide][\/et_pb_slider][\/et_pb_column][\/et_pb_row][\/et_pb_section][et_pb_section fb_built=&#8221;1&#8243; _builder_version=&#8221;3.17.6&#8243; background_image=&#8221;https:\/\/www.officialsantaclausoffinland.com\/wp-content\/uploads\/2018\/11\/official-santa-calus-of-finland-background.jpg&#8221; background_position=&#8221;top_center&#8221; custom_padding=&#8221;54px|0px|90px|0px|false|false&#8221;][et_pb_row _builder_version=&#8221;3.17.6&#8243;][et_pb_column type=&#8221;4_4&#8243; _builder_version=&#8221;3.0.47&#8243; parallax=&#8221;off&#8221; parallax_method=&#8221;on&#8221;][et_pb_blurb use_icon=&#8221;on&#8221; font_icon=&#8221;%%18%%&#8221; icon_color=&#8221;#ffffff&#8221; _builder_version=&#8221;3.17.6&#8243; custom_margin=&#8221;-215px|||-4px&#8221; animation_style=&#8221;slide&#8221; animation_repeat=&#8221;loop&#8221; animation_direction=&#8221;top&#8221; animation_duration=&#8221;2000ms&#8221; animation_delay=&#8221;2000ms&#8221; animation_intensity_slide=&#8221;10%&#8221; animation=&#8221;bottom&#8221; locked=&#8221;off&#8221;]<br \/>\n[\/et_pb_blurb][et_pb_blurb title=&#8221;Mit\u00e4 tarkoittaa Suomen virallinen Joulupukki?&#8221; content_max_width=&#8221;675px&#8221; _builder_version=&#8221;3.17.6&#8243; header_level=&#8221;h2&#8243; header_font=&#8221;|600|||||||&#8221; header_text_align=&#8221;center&#8221; header_text_color=&#8221;#693b29&#8243; header_font_size=&#8221;30px&#8221; body_font=&#8221;Merriweather||||||||&#8221; body_text_align=&#8221;center&#8221; body_text_color=&#8221;#000000&#8243; body_line_height=&#8221;1.8em&#8221; custom_margin=&#8221;160px||&#8221;]<\/p>\n<p>Joulupukki tulee Suomen Lapista. Vuosittain sadat tuhannet ihmiset matkustavat luoksemme kokemaan talven ihmemaan ja tapaamaan oikean joulupukin. Suomessa Joulupukkiin my\u00f6s uskotaan vahvasti: Joulupukki mm. edustaa maatamme yhdess\u00e4 ministerien kanssa ulkomaanvierailuilla ja erilaisissa kansainv\u00e4lisiss\u00e4 tilaisuuksissa. Vuonna 1998 Suomen Kauppa- ja teollisuusministeri\u00f6ss\u00e4 laadittiin Joulupukin k\u00e4sikirja, jossa Joulupukki esitell\u00e4\u00e4n arvostettuna ty\u00f6toverina. K\u00e4sikirjassa m\u00e4\u00e4ritell\u00e4\u00e4n kriteerit mm. Joulupukin virallisissa esiintymisiss\u00e4 k\u00e4ytt\u00e4mist\u00e4 asuista. K\u00e4sikirjan kriteerit ovat olleet ProSantalla toiminnan ja laadun perustana vuodesta 1998.<\/p>\n<p>[\/et_pb_blurb][\/et_pb_column][\/et_pb_row][\/et_pb_section][et_pb_section fb_built=&#8221;1&#8243; _builder_version=&#8221;3.17.6&#8243;][et_pb_row make_fullwidth=&#8221;on&#8221; use_custom_gutter=&#8221;on&#8221; gutter_width=&#8221;1&#8243; custom_padding=&#8221;0|0px|0|0px|false|false&#8221; make_equal=&#8221;on&#8221; module_class_1=&#8221;vertical-align&#8221; module_class_2=&#8221;vertical-align&#8221; _builder_version=&#8221;3.17.6&#8243; module_alignment=&#8221;left&#8221;][et_pb_column type=&#8221;2_5&#8243; _builder_version=&#8221;3.0.47&#8243; parallax=&#8221;off&#8221; parallax_method=&#8221;on&#8221; module_class=&#8221;vertical-align&#8221;][et_pb_image src=&#8221;https:\/\/www.officialsantaclausoffinland.com\/wp-content\/uploads\/2018\/11\/official-santa-claus-signing.jpg&#8221; _builder_version=&#8221;3.17.6&#8243;]<br \/>\n[\/et_pb_image][\/et_pb_column][et_pb_column type=&#8221;3_5&#8243; _builder_version=&#8221;3.0.47&#8243; parallax=&#8221;off&#8221; parallax_method=&#8221;on&#8221; module_class=&#8221;vertical-align&#8221;][et_pb_text admin_label=&#8221;Title&#8221; _builder_version=&#8221;3.17.6&#8243; text_font=&#8221;Merriweather||||||||&#8221; text_text_color=&#8221;#000000&#8243; text_line_height=&#8221;1.8em&#8221; header_2_text_color=&#8221;#693b29&#8243; header_2_font_size=&#8221;30px&#8221; header_2_font_size_tablet=&#8221;35px&#8221; header_2_font_size_last_edited=&#8221;on|phone&#8221; header_2_line_height=&#8221;1.5em&#8221; header_2_line_height_tablet=&#8221;1em&#8221; header_2_line_height_phone=&#8221;1.4em&#8221; header_2_line_height_last_edited=&#8221;off|desktop&#8221; max_width=&#8221;500px&#8221; module_alignment=&#8221;center&#8221; custom_margin=&#8221;0px||&#8221; custom_padding=&#8221;|||&#8221;]<\/p>\n<h2 class=\"et_pb_module_header et-fb-editable-element et-fb-editable-element__editing\" contenteditable=\"true\" data-shortcode-id=\"5.0.1.0-1542184966514\" data-quickaccess-id=\"header\">Laatu ja luotettavuus on toimintamme perusta<\/h2>\n<p>Joulupukki on meille arvostettu instituutio, jonka teht\u00e4v\u00e4 on tuoda ihmisten el\u00e4m\u00e4\u00e4n iloa, yst\u00e4v\u00e4llisyytt\u00e4, v\u00e4litt\u00e4mist\u00e4, jakamista ja ripaus taikaa. Joulupukin kohtaaminen ja joulun sadun todeksi el\u00e4minen kuuluu monien ihmisten rakkaimpiin lapsuusmuistoihin, ja he haluavat jakaa saman kokemuksen omien lastensa kanssa. Otamme teht\u00e4v\u00e4mme t\u00e4m\u00e4n instituution edustajina aiheen vaatimalla vakavuudella.<\/p>\n<p>ProSantan perustaja Ilkka L\u00e4nkinen on alkuper\u00e4isen joulupukkiyhdistyksen laatup\u00e4\u00e4llikk\u00f6, ja ollut jo 1990-luvun lopulta aktiivisesti mukana vaalimassa Joulupukki-instituutiota. Kaikki joulupukin apulaiset k\u00e4yv\u00e4t l\u00e4pi monipuolisen koulutuksen kieliopinnoista lapsipsykologiaan ja eri maiden jouluperinteisiin. Suomen virallinen joulupukki tarkoittaa meille laatukriteerej\u00e4, joiden ansiosta onnistumme tuomaan iloa, onnea ja joulun taikaa asiakkaillemme ja heid\u00e4n asiakkailleen, aikuisille ja lapsille. Laadun ja luotettavuuden vahvistamiseksi olemme osallistuneet Laatu 1000 -ohjelmaan, josta SantaPark sai diplomin Matkamessuilla 2014.<\/p>\n<p>[\/et_pb_text][\/et_pb_column][\/et_pb_row][\/et_pb_section][et_pb_section fb_built=&#8221;1&#8243; _builder_version=&#8221;3.17.6&#8243; background_color=&#8221;#e3dcd2&#8243; custom_padding=&#8221;54px|0px|88px|0px|false|false&#8221; global_module=&#8221;257&#8243;][et_pb_row _builder_version=&#8221;3.17.6&#8243;][et_pb_column type=&#8221;1_4&#8243; _builder_version=&#8221;3.0.47&#8243; parallax=&#8221;off&#8221; parallax_method=&#8221;on&#8221;][et_pb_image src=&#8221;https:\/\/www.officialsantaclausoffinland.com\/wp-content\/uploads\/2018\/11\/official-santa-claus-of-finland-logo.png&#8221; _builder_version=&#8221;3.17.6&#8243; max_width=&#8221;60%&#8221; module_alignment=&#8221;left&#8221; custom_margin=&#8221;-16px||&#8221;][\/et_pb_image][\/et_pb_column][et_pb_column type=&#8221;1_4&#8243; _builder_version=&#8221;3.0.47&#8243; parallax=&#8221;off&#8221; parallax_method=&#8221;on&#8221;][et_pb_text _builder_version=&#8221;3.17.6&#8243; text_font=&#8221;Merriweather||||||||&#8221; text_text_color=&#8221;#000000&#8243; text_line_height=&#8221;0.6em&#8221; header_font=&#8221;||||||||&#8221; header_text_color=&#8221;#000000&#8243; header_4_font=&#8221;|700|||||||&#8221; header_4_text_color=&#8221;#000000&#8243; header_4_font_size=&#8221;16px&#8221; custom_margin=&#8221;|||-100px&#8221; custom_margin_tablet=&#8221;|||0px&#8221; custom_margin_last_edited=&#8221;on|phone&#8221;]<\/p>\n<h4>Official Santa Claus of Finland<\/h4>\n<p>Prosanta Oy, Luojakuja 1<\/p>\n<p>96930 Arctic Circle Finland<\/p>\n<p><a href=\"te:+358504719229\">+358504719229<\/a><\/p>\n<p>santa(at)officialsantaclausoffinland.com<\/p>\n<p>[\/et_pb_text][\/et_pb_column][et_pb_column type=&#8221;1_4&#8243; _builder_version=&#8221;3.0.47&#8243; parallax=&#8221;off&#8221; parallax_method=&#8221;on&#8221;][et_pb_text _builder_version=&#8221;3.17.6&#8243; text_font=&#8221;Merriweather||||||||&#8221; text_text_color=&#8221;#000000&#8243; text_line_height=&#8221;0.6em&#8221; header_font=&#8221;||||||||&#8221; header_4_font=&#8221;|700|||||||&#8221; header_4_text_color=&#8221;#000000&#8243; header_4_font_size=&#8221;16px&#8221; custom_margin_tablet=&#8221;|||0px&#8221; custom_margin_last_edited=&#8221;on|phone&#8221; locked=&#8221;off&#8221;]<\/p>\n<h4>Sosiaalinen media<\/h4>\n<p>[\/et_pb_text][et_pb_sidebar area=&#8221;sidebar-2&#8243; _builder_version=&#8221;3.17.6&#8243; custom_margin=&#8221;-40px||&#8221;][\/et_pb_sidebar][\/et_pb_column][et_pb_column type=&#8221;1_4&#8243; _builder_version=&#8221;3.0.47&#8243; parallax=&#8221;off&#8221; parallax_method=&#8221;on&#8221;][\/et_pb_column][\/et_pb_row][\/et_pb_section]<\/p>\n","protected":false},"excerpt":{"rendered":"<p>[et_pb_section fb_built=&#8221;1&#8243; _builder_version=&#8221;3.17.6&#8243; custom_margin=&#8221;-124px||&#8221; custom_padding=&#8221;0px|0px|0|0|false|false&#8221;][et_pb_row use_custom_width=&#8221;on&#8221; width_unit=&#8221;off&#8221; custom_width_percent=&#8221;100%&#8221; custom_padding=&#8221;0|0px|0|0px|true|false&#8221; make_equal=&#8221;on&#8221; _builder_version=&#8221;3.17.6&#8243;][et_pb_column type=&#8221;4_4&#8243; _builder_version=&#8221;3.0.47&#8243; parallax=&#8221;off&#8221; parallax_method=&#8221;on&#8221;][et_pb_slider show_arrows=&#8221;off&#8221; _builder_version=&#8221;3.17.6&#8243; header_level=&#8221;h1&#8243; header_font=&#8221;|600|||||||&#8221; header_font_size=&#8221;30px&#8221; header_line_height=&#8221;1.6em&#8221; body_font=&#8221;||||||||&#8221; body_font_size=&#8221;14px&#8221; body_line_height=&#8221;1.8em&#8221; custom_button=&#8221;on&#8221; button_text_size=&#8221;12.5px&#8221; button_text_color=&#8221;#ffffff&#8221; button_bg_color=&#8221;#eb1c24&#8243; button_border_width=&#8221;0px&#8221; button_border_radius=&#8221;0px&#8221; button_font=&#8221;|600||on|||||&#8221; button_use_icon=&#8221;off&#8221; text_orientation=&#8221;left&#8221; auto=&#8221;on&#8221; button_bg_color__hover_enabled=&#8221;on&#8221; button_bg_color__hover=&#8221;#ffffff&#8221; button_text_color__hover_enabled=&#8221;on&#8221; button_text_color__hover=&#8221;#000000&#8243;][et_pb_slide heading=&#8221;Jouluel\u00e4mysten tunnustetut ammattilaiset&#8221; _builder_version=&#8221;3.17.6&#8243; header_font=&#8221;||||||||&#8221; header_font_size=&#8221;30px&#8221; body_font=&#8221;Merriweather||||||||&#8221; background_color=&#8221;#ffffff&#8221; use_background_color_gradient=&#8221;on&#8221; background_color_gradient_start=&#8221;rgba(0,0,0,0.9)&#8221; background_color_gradient_end=&#8221;rgba(41,196,169,0)&#8221; background_color_gradient_end_position=&#8221;20%&#8221; background_color_gradient_overlays_image=&#8221;on&#8221; background_image=&#8221;https:\/\/www.officialsantaclausoffinland.com\/wp-content\/uploads\/2018\/11\/official-santa-claus-of-finland-santa-reindeer1999x1334px.jpg&#8221; custom_padding=&#8221;|550px||0px&#8221; custom_padding_tablet=&#8221;|225px||&#8221; custom_padding_phone=&#8221;|0px||&#8221; [&hellip;]<\/p>\n","protected":false},"author":2,"featured_media":0,"parent":0,"menu_order":0,"comment_status":"closed","ping_status":"closed","template":"","meta":{"footnotes":""},"class_list":["post-82","page","type-page","status-publish","hentry"],"yoast_head":"<!-- This site is optimized with the Yoast SEO plugin v27.3 - https:\/\/yoast.com\/product\/yoast-seo-wordpress\/ -->\n<title>Tietoa meist\u00e4 - Official Santa Claus of Finland<\/title>\n<meta name=\"robots\" content=\"index, follow, max-snippet:-1, max-image-preview:large, max-video-preview:-1\" \/>\n<link rel=\"canonical\" href=\"https:\/\/www.officialsantaclausoffinland.com\/fi\/tietoa-meista\/\" \/>\n<meta property=\"og:locale\" content=\"fi_FI\" \/>\n<meta property=\"og:type\" content=\"article\" \/>\n<meta property=\"og:title\" content=\"Tietoa meist\u00e4 - Official Santa Claus of Finland\" \/>\n<meta property=\"og:description\" content=\"[et_pb_section fb_built=&#8221;1&#8243; _builder_version=&#8221;3.17.6&#8243; custom_margin=&#8221;-124px||&#8221; custom_padding=&#8221;0px|0px|0|0|false|false&#8221;][et_pb_row use_custom_width=&#8221;on&#8221; width_unit=&#8221;off&#8221; custom_width_percent=&#8221;100%&#8221; custom_padding=&#8221;0|0px|0|0px|true|false&#8221; make_equal=&#8221;on&#8221; _builder_version=&#8221;3.17.6&#8243;][et_pb_column type=&#8221;4_4&#8243; _builder_version=&#8221;3.0.47&#8243; parallax=&#8221;off&#8221; parallax_method=&#8221;on&#8221;][et_pb_slider show_arrows=&#8221;off&#8221; _builder_version=&#8221;3.17.6&#8243; header_level=&#8221;h1&#8243; header_font=&#8221;|600|||||||&#8221; header_font_size=&#8221;30px&#8221; header_line_height=&#8221;1.6em&#8221; body_font=&#8221;||||||||&#8221; body_font_size=&#8221;14px&#8221; body_line_height=&#8221;1.8em&#8221; custom_button=&#8221;on&#8221; button_text_size=&#8221;12.5px&#8221; button_text_color=&#8221;#ffffff&#8221; button_bg_color=&#8221;#eb1c24&#8243; button_border_width=&#8221;0px&#8221; button_border_radius=&#8221;0px&#8221; button_font=&#8221;|600||on|||||&#8221; button_use_icon=&#8221;off&#8221; text_orientation=&#8221;left&#8221; auto=&#8221;on&#8221; button_bg_color__hover_enabled=&#8221;on&#8221; button_bg_color__hover=&#8221;#ffffff&#8221; button_text_color__hover_enabled=&#8221;on&#8221; button_text_color__hover=&#8221;#000000&#8243;][et_pb_slide heading=&#8221;Jouluel\u00e4mysten tunnustetut ammattilaiset&#8221; _builder_version=&#8221;3.17.6&#8243; header_font=&#8221;||||||||&#8221; header_font_size=&#8221;30px&#8221; body_font=&#8221;Merriweather||||||||&#8221; background_color=&#8221;#ffffff&#8221; use_background_color_gradient=&#8221;on&#8221; background_color_gradient_start=&#8221;rgba(0,0,0,0.9)&#8221; background_color_gradient_end=&#8221;rgba(41,196,169,0)&#8221; background_color_gradient_end_position=&#8221;20%&#8221; background_color_gradient_overlays_image=&#8221;on&#8221; background_image=&#8221;https:\/\/www.officialsantaclausoffinland.com\/wp-content\/uploads\/2018\/11\/official-santa-claus-of-finland-santa-reindeer1999x1334px.jpg&#8221; custom_padding=&#8221;|550px||0px&#8221; custom_padding_tablet=&#8221;|225px||&#8221; custom_padding_phone=&#8221;|0px||&#8221; [&hellip;]\" \/>\n<meta property=\"og:url\" content=\"https:\/\/www.officialsantaclausoffinland.com\/fi\/tietoa-meista\/\" \/>\n<meta property=\"og:site_name\" content=\"Official Santa Claus of Finland\" \/>\n<meta property=\"article:modified_time\" content=\"2026-03-11T11:27:11+00:00\" \/>\n<meta name=\"twitter:card\" content=\"summary_large_image\" \/>\n<meta name=\"twitter:label1\" content=\"Arvioitu lukuaika\" \/>\n\t<meta name=\"twitter:data1\" content=\"2 minuuttia\" \/>\n<script type=\"application\/ld+json\" class=\"yoast-schema-graph\">{\"@context\":\"https:\\\/\\\/schema.org\",\"@graph\":[{\"@type\":\"WebPage\",\"@id\":\"https:\\\/\\\/www.officialsantaclausoffinland.com\\\/fi\\\/tietoa-meista\\\/\",\"url\":\"https:\\\/\\\/www.officialsantaclausoffinland.com\\\/fi\\\/tietoa-meista\\\/\",\"name\":\"Tietoa meist\u00e4 - Official Santa Claus of Finland\",\"isPartOf\":{\"@id\":\"https:\\\/\\\/www.officialsantaclausoffinland.com\\\/#website\"},\"datePublished\":\"2018-11-13T21:07:17+00:00\",\"dateModified\":\"2026-03-11T11:27:11+00:00\",\"breadcrumb\":{\"@id\":\"https:\\\/\\\/www.officialsantaclausoffinland.com\\\/fi\\\/tietoa-meista\\\/#breadcrumb\"},\"inLanguage\":\"fi\",\"potentialAction\":[{\"@type\":\"ReadAction\",\"target\":[\"https:\\\/\\\/www.officialsantaclausoffinland.com\\\/fi\\\/tietoa-meista\\\/\"]}]},{\"@type\":\"BreadcrumbList\",\"@id\":\"https:\\\/\\\/www.officialsantaclausoffinland.com\\\/fi\\\/tietoa-meista\\\/#breadcrumb\",\"itemListElement\":[{\"@type\":\"ListItem\",\"position\":1,\"name\":\"Home\",\"item\":\"https:\\\/\\\/www.officialsantaclausoffinland.com\\\/fi\\\/\"},{\"@type\":\"ListItem\",\"position\":2,\"name\":\"Tietoa meist\u00e4\"}]},{\"@type\":\"WebSite\",\"@id\":\"https:\\\/\\\/www.officialsantaclausoffinland.com\\\/#website\",\"url\":\"https:\\\/\\\/www.officialsantaclausoffinland.com\\\/\",\"name\":\"Official Santa Claus of Finland\",\"description\":\"\",\"potentialAction\":[{\"@type\":\"SearchAction\",\"target\":{\"@type\":\"EntryPoint\",\"urlTemplate\":\"https:\\\/\\\/www.officialsantaclausoffinland.com\\\/?s={search_term_string}\"},\"query-input\":{\"@type\":\"PropertyValueSpecification\",\"valueRequired\":true,\"valueName\":\"search_term_string\"}}],\"inLanguage\":\"fi\"}]}<\/script>\n<!-- \/ Yoast SEO plugin. -->","yoast_head_json":{"title":"Tietoa meist\u00e4 - Official Santa Claus of Finland","robots":{"index":"index","follow":"follow","max-snippet":"max-snippet:-1","max-image-preview":"max-image-preview:large","max-video-preview":"max-video-preview:-1"},"canonical":"https:\/\/www.officialsantaclausoffinland.com\/fi\/tietoa-meista\/","og_locale":"fi_FI","og_type":"article","og_title":"Tietoa meist\u00e4 - Official Santa Claus of Finland","og_description":"[et_pb_section fb_built=&#8221;1&#8243; _builder_version=&#8221;3.17.6&#8243; custom_margin=&#8221;-124px||&#8221; custom_padding=&#8221;0px|0px|0|0|false|false&#8221;][et_pb_row use_custom_width=&#8221;on&#8221; width_unit=&#8221;off&#8221; custom_width_percent=&#8221;100%&#8221; custom_padding=&#8221;0|0px|0|0px|true|false&#8221; make_equal=&#8221;on&#8221; _builder_version=&#8221;3.17.6&#8243;][et_pb_column type=&#8221;4_4&#8243; _builder_version=&#8221;3.0.47&#8243; parallax=&#8221;off&#8221; parallax_method=&#8221;on&#8221;][et_pb_slider show_arrows=&#8221;off&#8221; _builder_version=&#8221;3.17.6&#8243; header_level=&#8221;h1&#8243; header_font=&#8221;|600|||||||&#8221; header_font_size=&#8221;30px&#8221; header_line_height=&#8221;1.6em&#8221; body_font=&#8221;||||||||&#8221; body_font_size=&#8221;14px&#8221; body_line_height=&#8221;1.8em&#8221; custom_button=&#8221;on&#8221; button_text_size=&#8221;12.5px&#8221; button_text_color=&#8221;#ffffff&#8221; button_bg_color=&#8221;#eb1c24&#8243; button_border_width=&#8221;0px&#8221; button_border_radius=&#8221;0px&#8221; button_font=&#8221;|600||on|||||&#8221; button_use_icon=&#8221;off&#8221; text_orientation=&#8221;left&#8221; auto=&#8221;on&#8221; button_bg_color__hover_enabled=&#8221;on&#8221; button_bg_color__hover=&#8221;#ffffff&#8221; button_text_color__hover_enabled=&#8221;on&#8221; button_text_color__hover=&#8221;#000000&#8243;][et_pb_slide heading=&#8221;Jouluel\u00e4mysten tunnustetut ammattilaiset&#8221; _builder_version=&#8221;3.17.6&#8243; header_font=&#8221;||||||||&#8221; header_font_size=&#8221;30px&#8221; body_font=&#8221;Merriweather||||||||&#8221; background_color=&#8221;#ffffff&#8221; use_background_color_gradient=&#8221;on&#8221; background_color_gradient_start=&#8221;rgba(0,0,0,0.9)&#8221; background_color_gradient_end=&#8221;rgba(41,196,169,0)&#8221; background_color_gradient_end_position=&#8221;20%&#8221; background_color_gradient_overlays_image=&#8221;on&#8221; background_image=&#8221;https:\/\/www.officialsantaclausoffinland.com\/wp-content\/uploads\/2018\/11\/official-santa-claus-of-finland-santa-reindeer1999x1334px.jpg&#8221; custom_padding=&#8221;|550px||0px&#8221; custom_padding_tablet=&#8221;|225px||&#8221; custom_padding_phone=&#8221;|0px||&#8221; [&hellip;]","og_url":"https:\/\/www.officialsantaclausoffinland.com\/fi\/tietoa-meista\/","og_site_name":"Official Santa Claus of Finland","article_modified_time":"2026-03-11T11:27:11+00:00","twitter_card":"summary_large_image","twitter_misc":{"Arvioitu lukuaika":"2 minuuttia"},"schema":{"@context":"https:\/\/schema.org","@graph":[{"@type":"WebPage","@id":"https:\/\/www.officialsantaclausoffinland.com\/fi\/tietoa-meista\/","url":"https:\/\/www.officialsantaclausoffinland.com\/fi\/tietoa-meista\/","name":"Tietoa meist\u00e4 - Official Santa Claus of Finland","isPartOf":{"@id":"https:\/\/www.officialsantaclausoffinland.com\/#website"},"datePublished":"2018-11-13T21:07:17+00:00","dateModified":"2026-03-11T11:27:11+00:00","breadcrumb":{"@id":"https:\/\/www.officialsantaclausoffinland.com\/fi\/tietoa-meista\/#breadcrumb"},"inLanguage":"fi","potentialAction":[{"@type":"ReadAction","target":["https:\/\/www.officialsantaclausoffinland.com\/fi\/tietoa-meista\/"]}]},{"@type":"BreadcrumbList","@id":"https:\/\/www.officialsantaclausoffinland.com\/fi\/tietoa-meista\/#breadcrumb","itemListElement":[{"@type":"ListItem","position":1,"name":"Home","item":"https:\/\/www.officialsantaclausoffinland.com\/fi\/"},{"@type":"ListItem","position":2,"name":"Tietoa meist\u00e4"}]},{"@type":"WebSite","@id":"https:\/\/www.officialsantaclausoffinland.com\/#website","url":"https:\/\/www.officialsantaclausoffinland.com\/","name":"Official Santa Claus of Finland","description":"","potentialAction":[{"@type":"SearchAction","target":{"@type":"EntryPoint","urlTemplate":"https:\/\/www.officialsantaclausoffinland.com\/?s={search_term_string}"},"query-input":{"@type":"PropertyValueSpecification","valueRequired":true,"valueName":"search_term_string"}}],"inLanguage":"fi"}]}},"_links":{"self":[{"href":"https:\/\/www.officialsantaclausoffinland.com\/fi\/wp-json\/wp\/v2\/pages\/82","targetHints":{"allow":["GET"]}}],"collection":[{"href":"https:\/\/www.officialsantaclausoffinland.com\/fi\/wp-json\/wp\/v2\/pages"}],"about":[{"href":"https:\/\/www.officialsantaclausoffinland.com\/fi\/wp-json\/wp\/v2\/types\/page"}],"author":[{"embeddable":true,"href":"https:\/\/www.officialsantaclausoffinland.com\/fi\/wp-json\/wp\/v2\/users\/2"}],"replies":[{"embeddable":true,"href":"https:\/\/www.officialsantaclausoffinland.com\/fi\/wp-json\/wp\/v2\/comments?post=82"}],"version-history":[{"count":18,"href":"https:\/\/www.officialsantaclausoffinland.com\/fi\/wp-json\/wp\/v2\/pages\/82\/revisions"}],"predecessor-version":[{"id":994,"href":"https:\/\/www.officialsantaclausoffinland.com\/fi\/wp-json\/wp\/v2\/pages\/82\/revisions\/994"}],"wp:attachment":[{"href":"https:\/\/www.officialsantaclausoffinland.com\/fi\/wp-json\/wp\/v2\/media?parent=82"}],"curies":[{"name":"wp","href":"https:\/\/api.w.org\/{rel}","templated":true}]}}